{"id":2,"date":"2022-11-24T13:23:09","date_gmt":"2022-11-24T13:23:09","guid":{"rendered":"https:\/\/berufsmesse-meiningen.de\/?page_id=2"},"modified":"2025-11-07T11:05:12","modified_gmt":"2025-11-07T11:05:12","slug":"sample-page","status":"publish","type":"page","link":"https:\/\/berufsmesse-meiningen.de\/?page_id=2","title":{"rendered":"Impressum"},"content":{"rendered":"\n<h2 class=\"wp-block-heading has-large-font-size\">Wer wir sind<\/h2>\n\n\n\n<p>Wir sind Sch\u00fcler\/innen des Henfling-Gymnasium Meiningen und organisieren mit und f\u00fcr die Stadt Meiningen die BerufsMesse Meiningen f\u00fcr die wir die Informationen auf dieser Webseite zur Verf\u00fcgung stellen: <a href=\"http:\/\/www.berufsmesse-meiningen.de\" data-type=\"URL\" data-id=\"www.berufsmesse-meiningen.de\">www.berufsmesse-meiningen.de<\/a> <\/p>\n\n\n\n<div style=\"height:var(--wp--preset--spacing--60)\" aria-hidden=\"true\" class=\"wp-block-spacer\"><\/div>\n\n\n\n<p style=\"font-size:1.9em\">Kontakt Org-Team: <\/p>\n\n\n\n<p>Henfling-Gymnasium  <\/p>\n\n\n\n<p>Moritz-Seebeck-Allee 1<\/p>\n\n\n\n<p> 98671 Meiningen<\/p>\n\n\n\n<p>BMM-Team: 2026@berufsmesse-meiningen.de<\/p>\n\n\n\n<p>Henfling-Gymnasium: <a href=\"mailto:info@henfling-gymnasium.de\">info@henfling-gymnasium.de<\/a><\/p>\n\n\n\n<p>Olaf Petschauer: olaf.petschauer@schule.thueringen.de<\/p>\n\n\n\n<p><\/p>\n\n\n\n<hr class=\"wp-block-separator has-alpha-channel-opacity\"\/>\n\n\n\n<h2 class=\"wp-block-heading\">Kontakt Stadtverwaltung<\/h2>\n\n\n\n<p>Stadt Meiningen<br>Schlossplatz 1<br>98617&nbsp;Meiningen<\/p>\n\n\n\n<p>Tel.: 03693 45 45 45<br>E-Mail:\u00a0<a href=\"mailto:info@stadtmeiningen.de\">info@stadtmeiningen.de<\/a><br>Web:\u00a0<a href=\"https:\/\/www.meiningen.de\/\" target=\"_blank\" rel=\"noreferrer noopener\">www.meiningen.de<\/a><\/p>\n\n\n\n<div style=\"height:var(--wp--preset--spacing--70)\" aria-hidden=\"true\" class=\"wp-block-spacer\"><\/div>\n\n\n\n<h2 class=\"wp-block-heading\">Dokumente<\/h2>\n\n\n\n<p><a href=\"https:\/\/www.meiningen.de\/media\/custom\/2501_2599_1.PDF?1531141193\" target=\"_blank\" rel=\"noreferrer noopener\">Allgemeine Informationen zur Umsetzung der datenschutzrechtlichen Vorgaben der Artikel 12 bis 14 Datenschutz-Grundverordnung (DS-GVO) in der Stadtverwaltung Meiningen<\/a>&nbsp;(PDF, 137 kB)<\/p>\n\n\n\n<div style=\"height:var(--wp--preset--spacing--50)\" aria-hidden=\"true\" class=\"wp-block-spacer\"><\/div>\n\n\n\n<h3 class=\"wp-block-heading\">Verbraucher\u00adstreit\u00adbeilegung\/Universal\u00adschlichtungs\u00adstelle<\/h3>\n\n\n\n<p>Wir sind nicht bereit oder verpflichtet, an Streitbeilegungsverfahren vor einer Verbraucherschlichtungsstelle teilzunehmen.<\/p>\n\n\n\n<div style=\"height:var(--wp--preset--spacing--40)\" aria-hidden=\"true\" class=\"wp-block-spacer\"><\/div>\n\n\n\n<h3 class=\"wp-block-heading\">Haftung f\u00fcr Inhalte<\/h3>\n\n\n\n<p>Als Diensteanbieter sind wir gem\u00e4\u00df \u00a7 7 Abs.1 TMG f\u00fcr eigene Inhalte auf diesen Seiten nach den allgemeinen Gesetzen verantwortlich. Nach \u00a7\u00a7 8 bis 10 TMG sind wir als Diensteanbieter jedoch nicht verpflichtet, \u00fcbermittelte oder gespeicherte fremde Informationen zu \u00fcberwachen oder nach Umst\u00e4nden zu forschen, die auf eine rechtswidrige T\u00e4tigkeit hinweisen.<\/p>\n\n\n\n<p>Verpflichtungen zur Entfernung oder Sperrung der Nutzung von Informationen nach den allgemeinen Gesetzen bleiben hiervon unber\u00fchrt. Eine diesbez\u00fcgliche Haftung ist jedoch erst ab dem Zeitpunkt der Kenntnis einer konkreten Rechtsverletzung m\u00f6glich. Bei Bekanntwerden von entsprechenden Rechtsverletzungen werden wir diese Inhalte umgehend entfernen.<\/p>\n\n\n\n<div style=\"height:var(--wp--preset--spacing--40)\" aria-hidden=\"true\" class=\"wp-block-spacer\"><\/div>\n\n\n\n<h3 class=\"wp-block-heading\">Haftung f\u00fcr Links<\/h3>\n\n\n\n<p>Unser Angebot enth\u00e4lt Links zu externen Websites Dritter, auf deren Inhalte wir keinen Einfluss haben. Deshalb k\u00f6nnen wir f\u00fcr diese fremden Inhalte auch keine Gew\u00e4hr \u00fcbernehmen. F\u00fcr die Inhalte der verlinkten Seiten ist stets der jeweilige Anbieter oder Betreiber der Seiten verantwortlich. Die verlinkten Seiten wurden zum Zeitpunkt der Verlinkung auf m\u00f6gliche Rechtsverst\u00f6\u00dfe \u00fcberpr\u00fcft. Rechtswidrige Inhalte waren zum Zeitpunkt der Verlinkung nicht erkennbar.<\/p>\n\n\n\n<p>Eine permanente inhaltliche Kontrolle der verlinkten Seiten ist jedoch ohne konkrete Anhaltspunkte einer Rechtsverletzung nicht zumutbar. Bei Bekanntwerden von Rechtsverletzungen werden wir derartige Links umgehend entfernen.<\/p>\n\n\n\n<div style=\"height:var(--wp--preset--spacing--40)\" aria-hidden=\"true\" class=\"wp-block-spacer\"><\/div>\n\n\n\n<h3 class=\"wp-block-heading\">Urheberrecht<\/h3>\n\n\n\n<p>Die durch die Seitenbetreiber erstellten Inhalte und Werke auf diesen Seiten unterliegen dem deutschen Urheberrecht. Die Vervielf\u00e4ltigung, Bearbeitung, Verbreitung und jede Art der Verwertung au\u00dferhalb der Grenzen des Urheberrechtes bed\u00fcrfen der schriftlichen Zustimmung des jeweiligen Autors bzw. Erstellers. Downloads und Kopien dieser Seite sind nur f\u00fcr den privaten, nicht kommerziellen Gebrauch gestattet.<\/p>\n\n\n\n<p>Soweit die Inhalte auf dieser Seite nicht vom Betreiber erstellt wurden, werden die Urheberrechte Dritter beachtet. Insbesondere werden Inhalte Dritter als solche gekennzeichnet. Sollten Sie trotzdem auf eine Urheberrechtsverletzung aufmerksam werden, bitten wir um einen entsprechenden Hinweis. Bei Bekanntwerden von Rechtsverletzungen werden wir derartige Inhalte umgehend entfernen.<\/p>\n","protected":false},"excerpt":{"rendered":"<p>Wer wir sind Wir sind Sch\u00fcler\/innen des Henfling-Gymnasium Meiningen und organisieren mit und f\u00fcr die Stadt Meiningen die BerufsMesse Meiningen [&hellip;]<\/p>\n","protected":false},"author":1,"featured_media":0,"parent":0,"menu_order":0,"comment_status":"closed","ping_status":"closed","template":"","meta":{"footnotes":""},"class_list":["post-2","page","type-page","status-publish","hentry"],"yoast_head":"<!-- This site is optimized with the Yoast SEO plugin v27.4 - https:\/\/yoast.com\/product\/yoast-seo-wordpress\/ -->\n<title>Impressum &#8226; 12. BerufsMesse Meiningen<\/title>\n<meta name=\"robots\" content=\"index, follow, max-snippet:-1, max-image-preview:large, max-video-preview:-1\" \/>\n<link rel=\"canonical\" href=\"https:\/\/berufsmesse-meiningen.de\/?page_id=2\" \/>\n<meta property=\"og:locale\" content=\"de_DE\" \/>\n<meta property=\"og:type\" content=\"article\" \/>\n<meta property=\"og:title\" content=\"Impressum &#8226; 12. BerufsMesse Meiningen\" \/>\n<meta property=\"og:description\" content=\"Wer wir sind Wir sind Sch\u00fcler\/innen des Henfling-Gymnasium Meiningen und organisieren mit und f\u00fcr die Stadt Meiningen die BerufsMesse Meiningen [&hellip;]\" \/>\n<meta property=\"og:url\" content=\"https:\/\/berufsmesse-meiningen.de\/?page_id=2\" \/>\n<meta property=\"og:site_name\" content=\"12. BerufsMesse Meiningen\" \/>\n<meta property=\"article:publisher\" content=\"https:\/\/www.facebook.com\/messemeiningen\" \/>\n<meta property=\"article:modified_time\" content=\"2025-11-07T11:05:12+00:00\" \/>\n<meta name=\"twitter:card\" content=\"summary_large_image\" \/>\n<meta name=\"twitter:label1\" content=\"Gesch\u00e4tzte Lesezeit\" \/>\n\t<meta name=\"twitter:data1\" content=\"3\u00a0Minuten\" \/>\n<script type=\"application\/ld+json\" class=\"yoast-schema-graph\">{\"@context\":\"https:\\\/\\\/schema.org\",\"@graph\":[{\"@type\":\"WebPage\",\"@id\":\"https:\\\/\\\/berufsmesse-meiningen.de\\\/?page_id=2\",\"url\":\"https:\\\/\\\/berufsmesse-meiningen.de\\\/?page_id=2\",\"name\":\"Impressum &#8226; 12. BerufsMesse Meiningen\",\"isPartOf\":{\"@id\":\"https:\\\/\\\/berufsmesse-meiningen.de\\\/#website\"},\"datePublished\":\"2022-11-24T13:23:09+00:00\",\"dateModified\":\"2025-11-07T11:05:12+00:00\",\"breadcrumb\":{\"@id\":\"https:\\\/\\\/berufsmesse-meiningen.de\\\/?page_id=2#breadcrumb\"},\"inLanguage\":\"de\",\"potentialAction\":[{\"@type\":\"ReadAction\",\"target\":[\"https:\\\/\\\/berufsmesse-meiningen.de\\\/?page_id=2\"]}]},{\"@type\":\"BreadcrumbList\",\"@id\":\"https:\\\/\\\/berufsmesse-meiningen.de\\\/?page_id=2#breadcrumb\",\"itemListElement\":[{\"@type\":\"ListItem\",\"position\":1,\"name\":\"Startseite\",\"item\":\"https:\\\/\\\/berufsmesse-meiningen.de\\\/\"},{\"@type\":\"ListItem\",\"position\":2,\"name\":\"Impressum\"}]},{\"@type\":\"WebSite\",\"@id\":\"https:\\\/\\\/berufsmesse-meiningen.de\\\/#website\",\"url\":\"https:\\\/\\\/berufsmesse-meiningen.de\\\/\",\"name\":\"10. BerufsMesse Meiningen\",\"description\":\"Deine Zukunft. Deine Messe. Deine Stadt.\",\"publisher\":{\"@id\":\"https:\\\/\\\/berufsmesse-meiningen.de\\\/#organization\"},\"alternateName\":\"BMM\",\"potentialAction\":[{\"@type\":\"SearchAction\",\"target\":{\"@type\":\"EntryPoint\",\"urlTemplate\":\"https:\\\/\\\/berufsmesse-meiningen.de\\\/?s={search_term_string}\"},\"query-input\":{\"@type\":\"PropertyValueSpecification\",\"valueRequired\":true,\"valueName\":\"search_term_string\"}}],\"inLanguage\":\"de\"},{\"@type\":\"Organization\",\"@id\":\"https:\\\/\\\/berufsmesse-meiningen.de\\\/#organization\",\"name\":\"BerufsMesse Meiningen\",\"url\":\"https:\\\/\\\/berufsmesse-meiningen.de\\\/\",\"logo\":{\"@type\":\"ImageObject\",\"inLanguage\":\"de\",\"@id\":\"https:\\\/\\\/berufsmesse-meiningen.de\\\/#\\\/schema\\\/logo\\\/image\\\/\",\"url\":\"https:\\\/\\\/berufsmesse-meiningen.de\\\/wp-content\\\/uploads\\\/2024\\\/01\\\/BMM24color.svg\",\"contentUrl\":\"https:\\\/\\\/berufsmesse-meiningen.de\\\/wp-content\\\/uploads\\\/2024\\\/01\\\/BMM24color.svg\",\"width\":100,\"height\":100,\"caption\":\"BerufsMesse Meiningen\"},\"image\":{\"@id\":\"https:\\\/\\\/berufsmesse-meiningen.de\\\/#\\\/schema\\\/logo\\\/image\\\/\"},\"sameAs\":[\"https:\\\/\\\/www.facebook.com\\\/messemeiningen\",\"https:\\\/\\\/www.instagram.com\\\/bmm.meiningen\"]}]}<\/script>\n<!-- \/ Yoast SEO plugin. -->","yoast_head_json":{"title":"Impressum &#8226; 12. BerufsMesse Meiningen","robots":{"index":"index","follow":"follow","max-snippet":"max-snippet:-1","max-image-preview":"max-image-preview:large","max-video-preview":"max-video-preview:-1"},"canonical":"https:\/\/berufsmesse-meiningen.de\/?page_id=2","og_locale":"de_DE","og_type":"article","og_title":"Impressum &#8226; 12. BerufsMesse Meiningen","og_description":"Wer wir sind Wir sind Sch\u00fcler\/innen des Henfling-Gymnasium Meiningen und organisieren mit und f\u00fcr die Stadt Meiningen die BerufsMesse Meiningen [&hellip;]","og_url":"https:\/\/berufsmesse-meiningen.de\/?page_id=2","og_site_name":"12. BerufsMesse Meiningen","article_publisher":"https:\/\/www.facebook.com\/messemeiningen","article_modified_time":"2025-11-07T11:05:12+00:00","twitter_card":"summary_large_image","twitter_misc":{"Gesch\u00e4tzte Lesezeit":"3\u00a0Minuten"},"schema":{"@context":"https:\/\/schema.org","@graph":[{"@type":"WebPage","@id":"https:\/\/berufsmesse-meiningen.de\/?page_id=2","url":"https:\/\/berufsmesse-meiningen.de\/?page_id=2","name":"Impressum &#8226; 12. BerufsMesse Meiningen","isPartOf":{"@id":"https:\/\/berufsmesse-meiningen.de\/#website"},"datePublished":"2022-11-24T13:23:09+00:00","dateModified":"2025-11-07T11:05:12+00:00","breadcrumb":{"@id":"https:\/\/berufsmesse-meiningen.de\/?page_id=2#breadcrumb"},"inLanguage":"de","potentialAction":[{"@type":"ReadAction","target":["https:\/\/berufsmesse-meiningen.de\/?page_id=2"]}]},{"@type":"BreadcrumbList","@id":"https:\/\/berufsmesse-meiningen.de\/?page_id=2#breadcrumb","itemListElement":[{"@type":"ListItem","position":1,"name":"Startseite","item":"https:\/\/berufsmesse-meiningen.de\/"},{"@type":"ListItem","position":2,"name":"Impressum"}]},{"@type":"WebSite","@id":"https:\/\/berufsmesse-meiningen.de\/#website","url":"https:\/\/berufsmesse-meiningen.de\/","name":"10. BerufsMesse Meiningen","description":"Deine Zukunft. Deine Messe. Deine Stadt.","publisher":{"@id":"https:\/\/berufsmesse-meiningen.de\/#organization"},"alternateName":"BMM","potentialAction":[{"@type":"SearchAction","target":{"@type":"EntryPoint","urlTemplate":"https:\/\/berufsmesse-meiningen.de\/?s={search_term_string}"},"query-input":{"@type":"PropertyValueSpecification","valueRequired":true,"valueName":"search_term_string"}}],"inLanguage":"de"},{"@type":"Organization","@id":"https:\/\/berufsmesse-meiningen.de\/#organization","name":"BerufsMesse Meiningen","url":"https:\/\/berufsmesse-meiningen.de\/","logo":{"@type":"ImageObject","inLanguage":"de","@id":"https:\/\/berufsmesse-meiningen.de\/#\/schema\/logo\/image\/","url":"https:\/\/berufsmesse-meiningen.de\/wp-content\/uploads\/2024\/01\/BMM24color.svg","contentUrl":"https:\/\/berufsmesse-meiningen.de\/wp-content\/uploads\/2024\/01\/BMM24color.svg","width":100,"height":100,"caption":"BerufsMesse Meiningen"},"image":{"@id":"https:\/\/berufsmesse-meiningen.de\/#\/schema\/logo\/image\/"},"sameAs":["https:\/\/www.facebook.com\/messemeiningen","https:\/\/www.instagram.com\/bmm.meiningen"]}]}},"_links":{"self":[{"href":"https:\/\/berufsmesse-meiningen.de\/index.php?rest_route=\/wp\/v2\/pages\/2","targetHints":{"allow":["GET"]}}],"collection":[{"href":"https:\/\/berufsmesse-meiningen.de\/index.php?rest_route=\/wp\/v2\/pages"}],"about":[{"href":"https:\/\/berufsmesse-meiningen.de\/index.php?rest_route=\/wp\/v2\/types\/page"}],"author":[{"embeddable":true,"href":"https:\/\/berufsmesse-meiningen.de\/index.php?rest_route=\/wp\/v2\/users\/1"}],"replies":[{"embeddable":true,"href":"https:\/\/berufsmesse-meiningen.de\/index.php?rest_route=%2Fwp%2Fv2%2Fcomments&post=2"}],"version-history":[{"count":11,"href":"https:\/\/berufsmesse-meiningen.de\/index.php?rest_route=\/wp\/v2\/pages\/2\/revisions"}],"predecessor-version":[{"id":1653,"href":"https:\/\/berufsmesse-meiningen.de\/index.php?rest_route=\/wp\/v2\/pages\/2\/revisions\/1653"}],"wp:attachment":[{"href":"https:\/\/berufsmesse-meiningen.de\/index.php?rest_route=%2Fwp%2Fv2%2Fmedia&parent=2"}],"curies":[{"name":"wp","href":"https:\/\/api.w.org\/{rel}","templated":true}]}}